{"id":245,"date":"2023-05-31T09:56:50","date_gmt":"2023-05-31T09:56:50","guid":{"rendered":"https:\/\/www.maler-rehm-nf.de\/wordpress\/?page_id=245"},"modified":"2023-05-31T09:56:50","modified_gmt":"2023-05-31T09:56:50","slug":"stellenangebote","status":"publish","type":"page","link":"https:\/\/www.maler-rehm-nf.de\/wordpress\/?page_id=245","title":{"rendered":"Stellenangebote"},"content":{"rendered":"\n<p>Haben Sie Interesse, f\u00fcr uns auf die Leiter zu steigen?<\/p>\n\n\n\n<p><\/p>\n\n\n\n<div class=\"wp-block-media-text alignwide is-stacked-on-mobile\"><figure class=\"wp-block-media-text__media\"><img loading=\"lazy\" decoding=\"async\" width=\"768\" height=\"1024\" src=\"https:\/\/www.maler-rehm-nf.de\/wordpress\/wp-content\/uploads\/2023\/05\/20230517_102812-768x1024.jpg\" alt=\"\" class=\"wp-image-249 size-full\" srcset=\"https:\/\/www.maler-rehm-nf.de\/wordpress\/wp-content\/uploads\/2023\/05\/20230517_102812-768x1024.jpg 768w, https:\/\/www.maler-rehm-nf.de\/wordpress\/wp-content\/uploads\/2023\/05\/20230517_102812-225x300.jpg 225w, https:\/\/www.maler-rehm-nf.de\/wordpress\/wp-content\/uploads\/2023\/05\/20230517_102812-1152x1536.jpg 1152w, https:\/\/www.maler-rehm-nf.de\/wordpress\/wp-content\/uploads\/2023\/05\/20230517_102812-1536x2048.jpg 1536w, https:\/\/www.maler-rehm-nf.de\/wordpress\/wp-content\/uploads\/2023\/05\/20230517_102812-scaled.jpg 1920w\" sizes=\"auto, (max-width: 768px) 100vw, 768px\" \/><\/figure><div class=\"wp-block-media-text__content\">\n<p><strong>Wir suchen f\u00fcr sofort oder zu einem sp\u00e4teren Zeitpunkt:<\/strong><\/p>\n\n\n\n<p class=\"has-text-align-center\"><strong>Malergesellen,<br>Malerlehrlinge,<br>Allroundhandwerker<br>M\/W\/D<\/strong><\/p>\n<\/div><\/div>\n","protected":false},"excerpt":{"rendered":"<p>Haben Sie Interesse, f\u00fcr uns auf die Leiter zu steigen? Wir suchen f\u00fcr sofort oder zu einem sp\u00e4teren Zeitpunkt: Malergesellen,Malerlehrlinge,AllroundhandwerkerM\/W\/D<\/p>\n","protected":false},"author":1,"featured_media":0,"parent":0,"menu_order":0,"comment_status":"closed","ping_status":"closed","template":"","meta":{"ngg_post_thumbnail":0,"footnotes":""},"class_list":["post-245","page","type-page","status-publish","hentry"],"_links":{"self":[{"href":"https:\/\/www.maler-rehm-nf.de\/wordpress\/index.php?rest_route=\/wp\/v2\/pages\/245","targetHints":{"allow":["GET"]}}],"collection":[{"href":"https:\/\/www.maler-rehm-nf.de\/wordpress\/index.php?rest_route=\/wp\/v2\/pages"}],"about":[{"href":"https:\/\/www.maler-rehm-nf.de\/wordpress\/index.php?rest_route=\/wp\/v2\/types\/page"}],"author":[{"embeddable":true,"href":"https:\/\/www.maler-rehm-nf.de\/wordpress\/index.php?rest_route=\/wp\/v2\/users\/1"}],"replies":[{"embeddable":true,"href":"https:\/\/www.maler-rehm-nf.de\/wordpress\/index.php?rest_route=%2Fwp%2Fv2%2Fcomments&post=245"}],"version-history":[{"count":3,"href":"https:\/\/www.maler-rehm-nf.de\/wordpress\/index.php?rest_route=\/wp\/v2\/pages\/245\/revisions"}],"predecessor-version":[{"id":252,"href":"https:\/\/www.maler-rehm-nf.de\/wordpress\/index.php?rest_route=\/wp\/v2\/pages\/245\/revisions\/252"}],"wp:attachment":[{"href":"https:\/\/www.maler-rehm-nf.de\/wordpress\/index.php?rest_route=%2Fwp%2Fv2%2Fmedia&parent=245"}],"curies":[{"name":"wp","href":"https:\/\/api.w.org\/{rel}","templated":true}]}}