{"id":7,"date":"2012-07-08T15:45:51","date_gmt":"2012-07-08T15:45:51","guid":{"rendered":"http:\/\/www.maler-rehm-nf.de\/wordpress\/?page_id=7"},"modified":"2026-02-01T14:10:34","modified_gmt":"2026-02-01T14:10:34","slug":"startseite","status":"publish","type":"page","link":"https:\/\/www.maler-rehm-nf.de\/wordpress\/","title":{"rendered":"Startseite"},"content":{"rendered":"\n<div class=\"wp-block-media-text alignwide is-stacked-on-mobile\" style=\"grid-template-columns:54% auto\"><figure class=\"wp-block-media-text__media\"><img loading=\"lazy\" decoding=\"async\" width=\"1024\" height=\"683\" src=\"https:\/\/www.maler-rehm-nf.de\/wordpress\/wp-content\/uploads\/2023\/06\/IMG_7663-1024x683.jpg\" alt=\"\" class=\"wp-image-310 size-full\" srcset=\"https:\/\/www.maler-rehm-nf.de\/wordpress\/wp-content\/uploads\/2023\/06\/IMG_7663-1024x683.jpg 1024w, https:\/\/www.maler-rehm-nf.de\/wordpress\/wp-content\/uploads\/2023\/06\/IMG_7663-300x200.jpg 300w, https:\/\/www.maler-rehm-nf.de\/wordpress\/wp-content\/uploads\/2023\/06\/IMG_7663-768x512.jpg 768w, https:\/\/www.maler-rehm-nf.de\/wordpress\/wp-content\/uploads\/2023\/06\/IMG_7663-1536x1024.jpg 1536w, https:\/\/www.maler-rehm-nf.de\/wordpress\/wp-content\/uploads\/2023\/06\/IMG_7663-2048x1365.jpg 2048w\" sizes=\"auto, (max-width: 1024px) 100vw, 1024px\" \/><\/figure><div class=\"wp-block-media-text__content\">\n<p>Herzlich willkommen auf unseren Internetseiten.<\/p>\n\n\n\n<p>Nachfolgend ein paar Eindr\u00fccke und Informationen \u00fcber unsere Firma.<\/p>\n\n\n\n<p>Links: Die Halle mit dem Verwaltungsgeb\u00e4ude.<\/p>\n<\/div><\/div>\n\n\n\n<div class=\"wp-block-media-text alignwide has-media-on-the-right is-stacked-on-mobile\"><div class=\"wp-block-media-text__content\">\n<p>Hier kann man gut arbeiten: Gespr\u00e4ch mit dem Meister in seinem neuen B\u00fcro.<\/p>\n<\/div><figure class=\"wp-block-media-text__media\"><img loading=\"lazy\" decoding=\"async\" width=\"1024\" height=\"683\" src=\"https:\/\/www.maler-rehm-nf.de\/wordpress\/wp-content\/uploads\/2023\/05\/IMG_7672-1024x683.jpg\" alt=\"\" class=\"wp-image-270 size-full\" srcset=\"https:\/\/www.maler-rehm-nf.de\/wordpress\/wp-content\/uploads\/2023\/05\/IMG_7672-1024x683.jpg 1024w, https:\/\/www.maler-rehm-nf.de\/wordpress\/wp-content\/uploads\/2023\/05\/IMG_7672-300x200.jpg 300w, https:\/\/www.maler-rehm-nf.de\/wordpress\/wp-content\/uploads\/2023\/05\/IMG_7672-768x512.jpg 768w, https:\/\/www.maler-rehm-nf.de\/wordpress\/wp-content\/uploads\/2023\/05\/IMG_7672-1536x1024.jpg 1536w, https:\/\/www.maler-rehm-nf.de\/wordpress\/wp-content\/uploads\/2023\/05\/IMG_7672-2048x1365.jpg 2048w\" sizes=\"auto, (max-width: 1024px) 100vw, 1024px\" \/><\/figure><\/div>\n\n\n<table style=\"height: 916px;\" width=\"676\">\n<tbody>\n<tr>\n<td width=\"83%\">&nbsp;<\/td>\n<td width=\"17%\">&nbsp;<\/td>\n<\/tr>\n<tr>\n<td width=\"83%\">\n<p align=\"left\">Unten: Einmal durch die Halle hindurch&#8230;.<\/p>\n<div style=\"width: 640px;\" class=\"wp-video\"><video class=\"wp-video-shortcode\" id=\"video-7-1\" width=\"640\" height=\"368\" preload=\"metadata\" controls=\"controls\"><source type=\"video\/mp4\" src=\"https:\/\/www.maler-rehm-nf.de\/wordpress\/wp-content\/uploads\/2023\/05\/VID-20230530-WA0005.mp4?_=1\" \/><a href=\"https:\/\/www.maler-rehm-nf.de\/wordpress\/wp-content\/uploads\/2023\/05\/VID-20230530-WA0005.mp4\">https:\/\/www.maler-rehm-nf.de\/wordpress\/wp-content\/uploads\/2023\/05\/VID-20230530-WA0005.mp4<\/a><\/video><\/div>\n<p>&nbsp;<\/p>\n<p>&nbsp;<\/p>\n<p>&nbsp;<\/p>\n<hr>\n<p style=\"text-align: left;\" align=\"left\"><span style=\"color: #0000ff;\"><span style=\"font-family: Verdana,Arial,Helvetica,sans-serif; font-size: medium;\"><span style=\"font-size: large;\"><span style=\"font-size: medium;\">Auf den folgenden Seiten k\u00f6nnen Sie einen kleinen Eindruck unserer Arbeit gewinnen.<br>Wir sind t\u00e4glich dabei, unsere Welt sch\u00f6n und bunt zu gestalten. Au\u00dferdem sch\u00fctzen wir wertvolle (Bau)-Substanz vor Korrosion und Verfall&#8230;<br><\/span><\/span><\/span><\/span><\/p>\n<h1 align=\"left\">Vorher-Nachher<\/h1>\n<\/td>\n<\/tr>\n<\/tbody>\n<\/table>\n<p>&nbsp;<\/p>\n\n\n<div class=\"wp-block-media-text alignwide is-stacked-on-mobile\"><figure class=\"wp-block-media-text__media\"><img loading=\"lazy\" decoding=\"async\" width=\"587\" height=\"339\" src=\"https:\/\/www.maler-rehm-nf.de\/wordpress\/wp-content\/uploads\/2023\/06\/IMG_3572-e1687157217216.jpg\" alt=\"\" class=\"wp-image-317 size-full\" srcset=\"https:\/\/www.maler-rehm-nf.de\/wordpress\/wp-content\/uploads\/2023\/06\/IMG_3572-e1687157217216.jpg 587w, https:\/\/www.maler-rehm-nf.de\/wordpress\/wp-content\/uploads\/2023\/06\/IMG_3572-e1687157217216-300x173.jpg 300w\" sizes=\"auto, (max-width: 587px) 100vw, 587px\" \/><\/figure><div class=\"wp-block-media-text__content\">\n<p>Hier mal ein kleiner Eindruck, wie der Einsatz von Farbe und Fachkompetenz ein Geb\u00e4ude ver\u00e4ndern kann.<\/p>\n<\/div><\/div>\n\n\n\n<div class=\"wp-block-media-text alignwide has-media-on-the-right is-stacked-on-mobile\" style=\"grid-template-columns:auto 85%\"><div class=\"wp-block-media-text__content\">\n<p><\/p>\n<\/div><figure class=\"wp-block-media-text__media\"><img loading=\"lazy\" decoding=\"async\" width=\"640\" height=\"480\" src=\"https:\/\/www.maler-rehm-nf.de\/wordpress\/wp-content\/uploads\/2023\/06\/IMG_3576.jpg\" alt=\"\" class=\"wp-image-315 size-full\" srcset=\"https:\/\/www.maler-rehm-nf.de\/wordpress\/wp-content\/uploads\/2023\/06\/IMG_3576.jpg 640w, https:\/\/www.maler-rehm-nf.de\/wordpress\/wp-content\/uploads\/2023\/06\/IMG_3576-300x225.jpg 300w\" sizes=\"auto, (max-width: 640px) 100vw, 640px\" \/><\/figure><\/div>\n\n\n\n<figure class=\"wp-block-gallery has-nested-images columns-default is-cropped wp-block-gallery-1 is-layout-flex wp-block-gallery-is-layout-flex\">\n<figure class=\"wp-block-image size-large\"><a href=\"https:\/\/www.maler-rehm-nf.de\/wordpress\/wp-content\/uploads\/2023\/07\/IMG-20230706-WA0003.jpg\"><img loading=\"lazy\" decoding=\"async\" width=\"768\" height=\"1024\" data-id=\"323\" src=\"https:\/\/www.maler-rehm-nf.de\/wordpress\/wp-content\/uploads\/2023\/07\/IMG-20230706-WA0003.jpg\" alt=\"\" class=\"wp-image-323\" srcset=\"https:\/\/www.maler-rehm-nf.de\/wordpress\/wp-content\/uploads\/2023\/07\/IMG-20230706-WA0003.jpg 768w, https:\/\/www.maler-rehm-nf.de\/wordpress\/wp-content\/uploads\/2023\/07\/IMG-20230706-WA0003-225x300.jpg 225w\" sizes=\"auto, (max-width: 768px) 100vw, 768px\" \/><\/a><\/figure>\n<\/figure>\n\n\n\n<figure class=\"wp-block-gallery has-nested-images columns-default is-cropped wp-block-gallery-2 is-layout-flex wp-block-gallery-is-layout-flex\">\n<figure class=\"wp-block-image size-large\"><a href=\"https:\/\/www.maler-rehm-nf.de\/wordpress\/wp-content\/uploads\/2023\/07\/IMG-20230706-WA0002.jpg\"><img loading=\"lazy\" decoding=\"async\" width=\"768\" height=\"1024\" data-id=\"325\" src=\"https:\/\/www.maler-rehm-nf.de\/wordpress\/wp-content\/uploads\/2023\/07\/IMG-20230706-WA0002.jpg\" alt=\"\" class=\"wp-image-325\" srcset=\"https:\/\/www.maler-rehm-nf.de\/wordpress\/wp-content\/uploads\/2023\/07\/IMG-20230706-WA0002.jpg 768w, https:\/\/www.maler-rehm-nf.de\/wordpress\/wp-content\/uploads\/2023\/07\/IMG-20230706-WA0002-225x300.jpg 225w\" sizes=\"auto, (max-width: 768px) 100vw, 768px\" \/><\/a><\/figure>\n<\/figure>\n\n\n\n<figure class=\"wp-block-gallery has-nested-images columns-default is-cropped wp-block-gallery-3 is-layout-flex wp-block-gallery-is-layout-flex\">\n<figure class=\"wp-block-image size-large\"><a href=\"https:\/\/www.maler-rehm-nf.de\/wordpress\/wp-content\/uploads\/2023\/07\/IMG-20230706-WA0001.jpg\"><img loading=\"lazy\" decoding=\"async\" width=\"768\" height=\"1024\" data-id=\"326\" src=\"https:\/\/www.maler-rehm-nf.de\/wordpress\/wp-content\/uploads\/2023\/07\/IMG-20230706-WA0001.jpg\" alt=\"\" class=\"wp-image-326\" srcset=\"https:\/\/www.maler-rehm-nf.de\/wordpress\/wp-content\/uploads\/2023\/07\/IMG-20230706-WA0001.jpg 768w, https:\/\/www.maler-rehm-nf.de\/wordpress\/wp-content\/uploads\/2023\/07\/IMG-20230706-WA0001-225x300.jpg 225w\" sizes=\"auto, (max-width: 768px) 100vw, 768px\" \/><\/a><\/figure>\n<\/figure>\n","protected":false},"excerpt":{"rendered":"<p>Herzlich willkommen auf unseren Internetseiten. Nachfolgend ein paar Eindr\u00fccke und Informationen \u00fcber unsere Firma. Links: Die Halle mit dem Verwaltungsgeb\u00e4ude. Hier kann man gut arbeiten: Gespr\u00e4ch mit dem Meister in seinem neuen B\u00fcro. &nbsp; &nbsp; Unten: Einmal durch die Halle &hellip; <a href=\"https:\/\/www.maler-rehm-nf.de\/wordpress\/\">Weiterlesen <span class=\"meta-nav\">&rarr;<\/span><\/a><\/p>\n","protected":false},"author":1,"featured_media":0,"parent":0,"menu_order":0,"comment_status":"closed","ping_status":"closed","template":"","meta":{"ngg_post_thumbnail":0,"footnotes":""},"class_list":["post-7","page","type-page","status-publish","hentry"],"_links":{"self":[{"href":"https:\/\/www.maler-rehm-nf.de\/wordpress\/index.php?rest_route=\/wp\/v2\/pages\/7","targetHints":{"allow":["GET"]}}],"collection":[{"href":"https:\/\/www.maler-rehm-nf.de\/wordpress\/index.php?rest_route=\/wp\/v2\/pages"}],"about":[{"href":"https:\/\/www.maler-rehm-nf.de\/wordpress\/index.php?rest_route=\/wp\/v2\/types\/page"}],"author":[{"embeddable":true,"href":"https:\/\/www.maler-rehm-nf.de\/wordpress\/index.php?rest_route=\/wp\/v2\/users\/1"}],"replies":[{"embeddable":true,"href":"https:\/\/www.maler-rehm-nf.de\/wordpress\/index.php?rest_route=%2Fwp%2Fv2%2Fcomments&post=7"}],"version-history":[{"count":56,"href":"https:\/\/www.maler-rehm-nf.de\/wordpress\/index.php?rest_route=\/wp\/v2\/pages\/7\/revisions"}],"predecessor-version":[{"id":353,"href":"https:\/\/www.maler-rehm-nf.de\/wordpress\/index.php?rest_route=\/wp\/v2\/pages\/7\/revisions\/353"}],"wp:attachment":[{"href":"https:\/\/www.maler-rehm-nf.de\/wordpress\/index.php?rest_route=%2Fwp%2Fv2%2Fmedia&parent=7"}],"curies":[{"name":"wp","href":"https:\/\/api.w.org\/{rel}","templated":true}]}}