{"id":88,"date":"2012-07-29T08:47:04","date_gmt":"2012-07-29T08:47:04","guid":{"rendered":"http:\/\/www.maler-rehm-nf.de\/wordpress\/?page_id=88"},"modified":"2023-06-02T14:53:32","modified_gmt":"2023-06-02T14:53:32","slug":"so-fing-es-an","status":"publish","type":"page","link":"https:\/\/www.maler-rehm-nf.de\/wordpress\/?page_id=88","title":{"rendered":"So fing es an:"},"content":{"rendered":"<div class=\"wp-block-image\">\n<figure class=\"alignright size-large is-resized\"><a href=\"https:\/\/www.maler-rehm-nf.de\/wordpress\/wp-content\/uploads\/2023\/06\/IMG_20230602_114226-2-scaled.jpg\"><img loading=\"lazy\" decoding=\"async\" src=\"https:\/\/www.maler-rehm-nf.de\/wordpress\/wp-content\/uploads\/2023\/06\/IMG_20230602_114226-2-898x1024.jpg\" alt=\"\" class=\"wp-image-302\" width=\"348\" height=\"396\" srcset=\"https:\/\/www.maler-rehm-nf.de\/wordpress\/wp-content\/uploads\/2023\/06\/IMG_20230602_114226-2-898x1024.jpg 898w, https:\/\/www.maler-rehm-nf.de\/wordpress\/wp-content\/uploads\/2023\/06\/IMG_20230602_114226-2-263x300.jpg 263w, https:\/\/www.maler-rehm-nf.de\/wordpress\/wp-content\/uploads\/2023\/06\/IMG_20230602_114226-2-768x876.jpg 768w, https:\/\/www.maler-rehm-nf.de\/wordpress\/wp-content\/uploads\/2023\/06\/IMG_20230602_114226-2-1347x1536.jpg 1347w, https:\/\/www.maler-rehm-nf.de\/wordpress\/wp-content\/uploads\/2023\/06\/IMG_20230602_114226-2-1796x2048.jpg 1796w\" sizes=\"auto, (max-width: 348px) 100vw, 348px\" \/><\/a><\/figure>\n<\/div>\n\n<h3 align=\"left\"><span style=\"color: #0000cc; font-family: Verdana,Arial,Helvetica,sans-serif; font-size: large;\"><span style=\"color: #330099; font-size: medium;\">Gegr\u00fcndet hat Malermeister Walter Rehm seinen Betrieb 1962 als kleines Familienunternehmen. <br><\/span><\/span><span style=\"color: #0000cc; font-family: Verdana,Arial,Helvetica,sans-serif; font-size: large;\"><span style=\"color: #330099; font-size: medium;\">Damals hatte die junge Firma \u00fcbrigens die leicht zu merkende Telefonnummer 22.<br>Ohne die tatkr\u00e4ftige Mitarbeit und -hilfe seiner Frau Anka w\u00e4re der Erfolg des Unternehmens nicht denkbar gewesen.<\/span><\/span><\/h3>\n<h3 align=\"left\"><span style=\"color: #0000cc; font-family: Verdana,Arial,Helvetica,sans-serif; font-size: large;\"><span style=\"color: #330099; font-size: medium;\"><br>Sp\u00e4ter wurde es in die Rechtsform einer GmbH \u00fcberf\u00fchrt. Nachdem sein Sohn J\u00fcrgen 1999 die Meisterpr\u00fcfung im Malerhandwerk bestanden hatte, f\u00fchrten beide die Gesch\u00e4fte des Unternehmens gemeinsam.<br><\/span><\/span><\/h3>\n<h3 align=\"left\"><span style=\"color: #0000cc; font-family: Verdana,Arial,Helvetica,sans-serif; font-size: large;\"><span style=\"color: #330099; font-size: medium;\">Seit dem 1.1.2004 ist J\u00fcrgen Rehm allein verantwortlich f\u00fcr die Gesch\u00e4ftsf\u00fchrung der Firma.<\/span><\/span><\/h3>\n<h3 align=\"left\"><span style=\"color: #330099; font-family: Verdana,Arial,Helvetica,sans-serif; font-size: medium;\">Inzwischen ist der Malerbetrieb Rehm mit \u00fcber 30 Mitarbeiterinnen und Mitarbeitern einer der gro\u00dfen Handwerksbetriebe in Nordfriesland.<\/span><\/h3>\n\n\n<figure class=\"wp-block-image size-full\"><a href=\"https:\/\/www.maler-rehm-nf.de\/wordpress\/wp-content\/uploads\/2023\/06\/c1831c0f-a7eb-4899-8ba8-96fb4a8c9a90.jpg\"><img loading=\"lazy\" decoding=\"async\" width=\"1024\" height=\"768\" src=\"https:\/\/www.maler-rehm-nf.de\/wordpress\/wp-content\/uploads\/2023\/06\/c1831c0f-a7eb-4899-8ba8-96fb4a8c9a90.jpg\" alt=\"\" class=\"wp-image-305\" srcset=\"https:\/\/www.maler-rehm-nf.de\/wordpress\/wp-content\/uploads\/2023\/06\/c1831c0f-a7eb-4899-8ba8-96fb4a8c9a90.jpg 1024w, https:\/\/www.maler-rehm-nf.de\/wordpress\/wp-content\/uploads\/2023\/06\/c1831c0f-a7eb-4899-8ba8-96fb4a8c9a90-300x225.jpg 300w, https:\/\/www.maler-rehm-nf.de\/wordpress\/wp-content\/uploads\/2023\/06\/c1831c0f-a7eb-4899-8ba8-96fb4a8c9a90-768x576.jpg 768w\" sizes=\"auto, (max-width: 1024px) 100vw, 1024px\" \/><\/a><\/figure>\n","protected":false},"excerpt":{"rendered":"<p>Gegr\u00fcndet hat Malermeister Walter Rehm seinen Betrieb 1962 als kleines Familienunternehmen. Damals hatte die junge Firma \u00fcbrigens die leicht zu merkende Telefonnummer 22.Ohne die tatkr\u00e4ftige Mitarbeit und -hilfe seiner Frau Anka w\u00e4re der Erfolg des Unternehmens nicht denkbar gewesen. Sp\u00e4ter &hellip; <a href=\"https:\/\/www.maler-rehm-nf.de\/wordpress\/?page_id=88\">Weiterlesen <span class=\"meta-nav\">&rarr;<\/span><\/a><\/p>\n","protected":false},"author":1,"featured_media":0,"parent":0,"menu_order":4,"comment_status":"closed","ping_status":"closed","template":"","meta":{"ngg_post_thumbnail":0,"footnotes":""},"class_list":["post-88","page","type-page","status-publish","hentry"],"_links":{"self":[{"href":"https:\/\/www.maler-rehm-nf.de\/wordpress\/index.php?rest_route=\/wp\/v2\/pages\/88","targetHints":{"allow":["GET"]}}],"collection":[{"href":"https:\/\/www.maler-rehm-nf.de\/wordpress\/index.php?rest_route=\/wp\/v2\/pages"}],"about":[{"href":"https:\/\/www.maler-rehm-nf.de\/wordpress\/index.php?rest_route=\/wp\/v2\/types\/page"}],"author":[{"embeddable":true,"href":"https:\/\/www.maler-rehm-nf.de\/wordpress\/index.php?rest_route=\/wp\/v2\/users\/1"}],"replies":[{"embeddable":true,"href":"https:\/\/www.maler-rehm-nf.de\/wordpress\/index.php?rest_route=%2Fwp%2Fv2%2Fcomments&post=88"}],"version-history":[{"count":18,"href":"https:\/\/www.maler-rehm-nf.de\/wordpress\/index.php?rest_route=\/wp\/v2\/pages\/88\/revisions"}],"predecessor-version":[{"id":312,"href":"https:\/\/www.maler-rehm-nf.de\/wordpress\/index.php?rest_route=\/wp\/v2\/pages\/88\/revisions\/312"}],"wp:attachment":[{"href":"https:\/\/www.maler-rehm-nf.de\/wordpress\/index.php?rest_route=%2Fwp%2Fv2%2Fmedia&parent=88"}],"curies":[{"name":"wp","href":"https:\/\/api.w.org\/{rel}","templated":true}]}}